{"id":293,"date":"2015-10-10T17:18:56","date_gmt":"2015-10-10T17:18:56","guid":{"rendered":"http:\/\/lunarentacar.hr\/de\/online-booking\/"},"modified":"2015-12-17T19:55:49","modified_gmt":"2015-12-17T18:55:49","slug":"online-booking","status":"publish","type":"page","link":"https:\/\/lunarentacar.hr\/de\/","title":{"rendered":"Online booking"},"content":{"rendered":"<h1><span>Herzlich Willkommen bei LUNA vectura!<\/span><\/h1>\n<p>Unsere Priorit\u00e4t ist es, Ihre Bed\u00fcrfnisse zu unserer gegenseitigen Zufriedenheit zu erf\u00fcllen. Unser Motto ist &#8222;Toller Service zu einem angemessenen Preis&#8220;. Wir vermieten jahrelang Fahrzeuge und die langj\u00e4hrige Erfahrung unserer Mitarbeiter ist die beste Garantie f\u00fcr Qualit\u00e4t &#038; Service. Wir verwenden den gr\u00f6ssten Teil unseres Gewinnes dazu, unser Gesch\u00e4ft zu erweitern und unseren Fuhrpark zu verbessern. <\/p>\n","protected":false},"excerpt":{"rendered":"<p>Herzlich Willkommen bei LUNA vectura! Unsere Priorit\u00e4t ist es, Ihre Bed\u00fcrfnisse zu unserer gegenseitigen Zufriedenheit zu erf\u00fcllen. Unser Motto ist &#8222;Toller Service zu einem angemessenen Preis&#8220;. Wir vermieten jahrelang Fahrzeuge und die langj\u00e4hrige Erfahrung unserer Mitarbeiter ist die beste Garantie f\u00fcr Qualit\u00e4t &#038; Service. Wir verwenden den gr\u00f6ssten Teil unseres Gewinnes dazu, unser Gesch\u00e4ft zu [&hellip;]<\/p>\n","protected":false},"author":1,"featured_media":0,"parent":0,"menu_order":0,"comment_status":"closed","ping_status":"closed","template":"home.php","meta":{"_acf_changed":false,"footnotes":""},"class_list":["post-293","page","type-page","status-publish","hentry"],"acf":[],"aioseo_notices":[],"_links":{"self":[{"href":"https:\/\/lunarentacar.hr\/de\/wp-json\/wp\/v2\/pages\/293","targetHints":{"allow":["GET"]}}],"collection":[{"href":"https:\/\/lunarentacar.hr\/de\/wp-json\/wp\/v2\/pages"}],"about":[{"href":"https:\/\/lunarentacar.hr\/de\/wp-json\/wp\/v2\/types\/page"}],"author":[{"embeddable":true,"href":"https:\/\/lunarentacar.hr\/de\/wp-json\/wp\/v2\/users\/1"}],"replies":[{"embeddable":true,"href":"https:\/\/lunarentacar.hr\/de\/wp-json\/wp\/v2\/comments?post=293"}],"version-history":[{"count":2,"href":"https:\/\/lunarentacar.hr\/de\/wp-json\/wp\/v2\/pages\/293\/revisions"}],"predecessor-version":[{"id":360,"href":"https:\/\/lunarentacar.hr\/de\/wp-json\/wp\/v2\/pages\/293\/revisions\/360"}],"wp:attachment":[{"href":"https:\/\/lunarentacar.hr\/de\/wp-json\/wp\/v2\/media?parent=293"}],"curies":[{"name":"wp","href":"https:\/\/api.w.org\/{rel}","templated":true}]}}