{"id":294,"date":"2015-10-10T17:18:56","date_gmt":"2015-10-10T17:18:56","guid":{"rendered":"http:\/\/lunarentacar.hr\/hr\/online-booking\/"},"modified":"2015-12-17T19:57:47","modified_gmt":"2015-12-17T18:57:47","slug":"online-booking","status":"publish","type":"page","link":"http:\/\/lunarentacar.hr\/hr\/","title":{"rendered":"Online booking"},"content":{"rendered":"<h1><span>Pozdrav iz LUNA vecture!<\/span><\/h1>\n<p>Svojim uslugama prvenstveno \u017eelimo ispuniti Va\u0161e potrebe na obostrano zadovoljstvo. Maksimalno se dr\u017eimo tarife &#8220;Dobra usluga za razumnu cijenu&#8221;. Vi\u0161egodi\u0161nje iskustvo na\u0161ih djelatnika u rent a car poslovanju je najbolja garancija za kvalitetnu uslugu. Ve\u0107inu ostvarenog profita koristimo za daljnje usavr\u0161avanje poslovanja i pobolj\u0161anje voznog parka.<\/p>\n","protected":false},"excerpt":{"rendered":"<p>Pozdrav iz LUNA vecture! Svojim uslugama prvenstveno \u017eelimo ispuniti Va\u0161e potrebe na obostrano zadovoljstvo. Maksimalno se dr\u017eimo tarife &#8220;Dobra usluga za razumnu cijenu&#8221;. Vi\u0161egodi\u0161nje iskustvo na\u0161ih djelatnika u rent a car poslovanju je najbolja garancija za kvalitetnu uslugu. Ve\u0107inu ostvarenog profita koristimo za daljnje usavr\u0161avanje poslovanja i pobolj\u0161anje voznog parka.<\/p>\n","protected":false},"author":1,"featured_media":0,"parent":0,"menu_order":0,"comment_status":"closed","ping_status":"closed","template":"home.php","meta":{"_acf_changed":false,"footnotes":""},"class_list":["post-294","page","type-page","status-publish","hentry"],"acf":[],"aioseo_notices":[],"_links":{"self":[{"href":"http:\/\/lunarentacar.hr\/hr\/wp-json\/wp\/v2\/pages\/294","targetHints":{"allow":["GET"]}}],"collection":[{"href":"http:\/\/lunarentacar.hr\/hr\/wp-json\/wp\/v2\/pages"}],"about":[{"href":"http:\/\/lunarentacar.hr\/hr\/wp-json\/wp\/v2\/types\/page"}],"author":[{"embeddable":true,"href":"http:\/\/lunarentacar.hr\/hr\/wp-json\/wp\/v2\/users\/1"}],"replies":[{"embeddable":true,"href":"http:\/\/lunarentacar.hr\/hr\/wp-json\/wp\/v2\/comments?post=294"}],"version-history":[{"count":2,"href":"http:\/\/lunarentacar.hr\/hr\/wp-json\/wp\/v2\/pages\/294\/revisions"}],"predecessor-version":[{"id":361,"href":"http:\/\/lunarentacar.hr\/hr\/wp-json\/wp\/v2\/pages\/294\/revisions\/361"}],"wp:attachment":[{"href":"http:\/\/lunarentacar.hr\/hr\/wp-json\/wp\/v2\/media?parent=294"}],"curies":[{"name":"wp","href":"https:\/\/api.w.org\/{rel}","templated":true}]}}