{"id":288,"date":"2015-10-10T18:00:06","date_gmt":"2015-10-10T18:00:06","guid":{"rendered":"http:\/\/lunarentacar.hr\/hr\/info\/"},"modified":"2015-12-17T19:59:56","modified_gmt":"2015-12-17T18:59:56","slug":"info","status":"publish","type":"page","link":"http:\/\/lunarentacar.hr\/hr\/info\/","title":{"rendered":"Info"},"content":{"rendered":"<h3><\/h3>\n<p>&nbsp;<\/p>\n<h3><span>Uvjeti za najam<\/span><\/h3>\n<p>Da bi se unajmilo vozilo, moraju biti zadovoljeni slijede\u0107i uvjeti:<\/p>\n<p>&nbsp;<\/p>\n<p>1. <strong>STAROST VOZA\u010cA<\/strong><\/p>\n<p>Voza\u010d mora imati najmanje 21 godinu sa minimalnim voza\u010dkim iskustvom od 2 godine.<\/p>\n<p>&nbsp;<\/p>\n<p>2. <strong>DOKUMENTACIJA<\/strong><\/p>\n<p>Treba imati valjanu voza\u010dku dozvolu, osobnu iskaznicu ili putovnicu i kreditnu karticu (Amex, Diners, Mastercard, Visa). Strani dr\u017eavljani, uz svoju domicilnu, NE moraju imati i me\u0111unarodnu voza\u010dku dozvolu.<\/p>\n<p>&nbsp;<\/p>\n<p>3. <strong>DEPOZIT<\/strong><\/p>\n<p>Kreditna kartica se predautorizira na iznos koji ovisi o trajanju najma, grupi vozila, uzetim osiguranjima, dr\u017eavama u koje se putuje i dr. Pla\u0107anje se vr\u0161i nakon povratka vozila.<\/p>\n<p>&nbsp;<\/p>\n<p>4. <strong>UGOVOR O NAJMU<\/strong><\/p>\n<p>Po zavr\u0161etku procedure potpisuje se Ugovor o najmu vozila.<\/p>\n<p>&nbsp;<\/p>\n<p>5. <strong>SVRHA NAJMA<\/strong><\/p>\n<p>U iznimnim slu\u010dajevima zadr\u017eavamo diskreciono pravo da se, u slu\u010daju sumnje u kori\u0161tenje vozila za radnje koje nisu u skladu sa zakonom, ne odobri najam vozila.<\/p>\n<p>&nbsp;<\/p>\n<p>&nbsp;<\/p>\n<h3><span>Op\u0107e informacije<\/span><\/h3>\n<p>1. <strong>TRAJANJE NAJMA<\/strong><\/p>\n<p>Najam mo\u017ee trajati i kra\u0107e od 24 sata, ali se minimalno napla\u0107uje 1 dan (24 sata). Dozvoljeno ka\u0161njenje je 3 sata, nakon toga se obra\u010dunava dodatni dan.<\/p>\n<p>&nbsp;<\/p>\n<p>2. <strong>PLA\u0106ANJE<\/strong><\/p>\n<p>Pla\u0107anje je mogu\u0107e u gotovini, kreditnim karticama (Amex, Visa, Mastercard, Diners), bankovnim karticama (Maestro, Visa electron) i virmanom.<\/p>\n<p>&nbsp;<\/p>\n<p>3. <strong>OSIGURANJE VOZILA<\/strong><\/p>\n<p>CDW (Collision Damage Waiver) &#8211; kasko osiguranje sa fra\u0161izom, u\u010de\u0161\u0107em u \u0161teti<br \/>\nTP (Theft Protection) &#8211; osiguranje protiv kra\u0111e<br \/>\nPAI (Personal Accident Insurance) &#8211; putni\u010dko osiguranje<br \/>\nSUPER CDW (Super Collision Damage Waiver) &#8211; puno kasko osiguranje bez fran\u0161ize, u\u010de\u0161\u0107a u \u0161teti<\/p>\n<p>Sva vozila su osigurana protiv odgovornosti za \u0161tetu nanesenu tre\u0107oj osobi. \u0160tetu koju prouzro\u010di na\u0161e vozilo, osiguravaju\u0107e dru\u0161tvo pokriva do iznosa odre\u0111enog zakonom, pod uvjetom da je najmoprimac po\u0161tovao op\u0107e uvjete Ugovora o najmu. SUPER CDW nije obvezan. Ukoliko se ne otkupi fran\u0161iza (SUPER CDW), u slu\u010daju \u0161tete najmoprimac pla\u0107a popravak u minimalnom iznosu od 984,00 KN do maksimalno 7.380 KN, zavisno od grupe vozila. Svaku novonastalu \u0161tetu potrebno je prijaviti POLICIJI, u protivnom osiguranje ne vrijedi. Niti jedno osiguranje ne pokriva \u0161tetu na kota\u010dima (gume, felge, naplatci), donjem postoju i unutra\u0161njosti vozila.<\/p>\n<p>&nbsp;<\/p>\n<p>4. <strong>CIJENA<\/strong><\/p>\n<p>Osnovna cijena najma uklju\u010duje dnevni najam, neograni\u010denu kilometra\u017eu, CDW, TP, PAI i PDV. SUPER CDW nije uklju\u010den.<\/p>\n<p>&nbsp;<\/p>\n<p>5. <strong>GORIVO<\/strong><\/p>\n<p>Pravilo je da se vozilo daje u najam sa punim tankom goriva (8\/8) i tako bi se trebalo i vratiti, sa punim tankom. U suprotnom se pla\u0107a razlika goriva i usluga tankiranja u iznosu od 100,00 KN.<\/p>\n<p>&nbsp;<\/p>\n<p>6. <strong>MOGU\u0106E NADOPLATE (PDV uklju\u010den)<\/strong><\/p>\n<p>Izgubljeni klju\u010d vozila: 1.700,00 KN<br \/>\nIzgubljeni dokumenti vozila: 1.800,00 KN<br \/>\nTo\u010deno krivo gorivo: od 1.800,00 KN na vi\u0161e, ovisi o tome koje je vozilo, gdje se nalazi i dr.<\/p>\n","protected":false},"excerpt":{"rendered":"<p>&nbsp; Uvjeti za najam Da bi se unajmilo vozilo, moraju biti zadovoljeni slijede\u0107i uvjeti: &nbsp; 1. STAROST VOZA\u010cA Voza\u010d mora imati najmanje 21 godinu sa minimalnim voza\u010dkim iskustvom od 2 godine. &nbsp; 2. DOKUMENTACIJA Treba imati valjanu voza\u010dku dozvolu, osobnu iskaznicu ili putovnicu i kreditnu karticu (Amex, Diners, Mastercard, Visa). Strani dr\u017eavljani, uz svoju domicilnu, [&hellip;]<\/p>\n","protected":false},"author":1,"featured_media":0,"parent":0,"menu_order":0,"comment_status":"closed","ping_status":"closed","template":"","meta":{"_acf_changed":false,"footnotes":""},"class_list":["post-288","page","type-page","status-publish","hentry"],"acf":[],"aioseo_notices":[],"_links":{"self":[{"href":"http:\/\/lunarentacar.hr\/hr\/wp-json\/wp\/v2\/pages\/288","targetHints":{"allow":["GET"]}}],"collection":[{"href":"http:\/\/lunarentacar.hr\/hr\/wp-json\/wp\/v2\/pages"}],"about":[{"href":"http:\/\/lunarentacar.hr\/hr\/wp-json\/wp\/v2\/types\/page"}],"author":[{"embeddable":true,"href":"http:\/\/lunarentacar.hr\/hr\/wp-json\/wp\/v2\/users\/1"}],"replies":[{"embeddable":true,"href":"http:\/\/lunarentacar.hr\/hr\/wp-json\/wp\/v2\/comments?post=288"}],"version-history":[{"count":3,"href":"http:\/\/lunarentacar.hr\/hr\/wp-json\/wp\/v2\/pages\/288\/revisions"}],"predecessor-version":[{"id":362,"href":"http:\/\/lunarentacar.hr\/hr\/wp-json\/wp\/v2\/pages\/288\/revisions\/362"}],"wp:attachment":[{"href":"http:\/\/lunarentacar.hr\/hr\/wp-json\/wp\/v2\/media?parent=288"}],"curies":[{"name":"wp","href":"https:\/\/api.w.org\/{rel}","templated":true}]}}