{"id":292,"date":"2015-10-10T17:18:56","date_gmt":"2015-10-10T17:18:56","guid":{"rendered":"http:\/\/lunarentacar.hr\/fr\/online-booking\/"},"modified":"2015-12-17T19:55:38","modified_gmt":"2015-12-17T18:55:38","slug":"online-booking","status":"publish","type":"page","link":"http:\/\/lunarentacar.hr\/fr\/","title":{"rendered":"Online booking"},"content":{"rendered":"<h1><span>Bienvenus \u00e0 Luna rent a car!<\/span><\/h1>\n<p>Nos service sont cr\u00e9\u00e9s afin de pouvoir satisfaire nos clients. LUNA VECTURA garde le slogan \u00abBon service pour un prix raisonnable\u00bb. Les comp\u00e9tences de nos employeurs exp\u00e9riment\u00e9s garantissent la qualit\u00e9 de nos services. La plupart de notre profit est investi dans l\u2019am\u00e9lioration de nos services. <\/p>\n","protected":false},"excerpt":{"rendered":"<p>Bienvenus \u00e0 Luna rent a car! Nos service sont cr\u00e9\u00e9s afin de pouvoir satisfaire nos clients. LUNA VECTURA garde le slogan \u00abBon service pour un prix raisonnable\u00bb. Les comp\u00e9tences de nos employeurs exp\u00e9riment\u00e9s garantissent la qualit\u00e9 de nos services. La plupart de notre profit est investi dans l\u2019am\u00e9lioration de nos services.<\/p>\n","protected":false},"author":1,"featured_media":0,"parent":0,"menu_order":0,"comment_status":"closed","ping_status":"closed","template":"home.php","meta":{"_acf_changed":false,"footnotes":""},"class_list":["post-292","page","type-page","status-publish","hentry"],"acf":[],"aioseo_notices":[],"_links":{"self":[{"href":"http:\/\/lunarentacar.hr\/fr\/wp-json\/wp\/v2\/pages\/292","targetHints":{"allow":["GET"]}}],"collection":[{"href":"http:\/\/lunarentacar.hr\/fr\/wp-json\/wp\/v2\/pages"}],"about":[{"href":"http:\/\/lunarentacar.hr\/fr\/wp-json\/wp\/v2\/types\/page"}],"author":[{"embeddable":true,"href":"http:\/\/lunarentacar.hr\/fr\/wp-json\/wp\/v2\/users\/1"}],"replies":[{"embeddable":true,"href":"http:\/\/lunarentacar.hr\/fr\/wp-json\/wp\/v2\/comments?post=292"}],"version-history":[{"count":2,"href":"http:\/\/lunarentacar.hr\/fr\/wp-json\/wp\/v2\/pages\/292\/revisions"}],"predecessor-version":[{"id":359,"href":"http:\/\/lunarentacar.hr\/fr\/wp-json\/wp\/v2\/pages\/292\/revisions\/359"}],"wp:attachment":[{"href":"http:\/\/lunarentacar.hr\/fr\/wp-json\/wp\/v2\/media?parent=292"}],"curies":[{"name":"wp","href":"https:\/\/api.w.org\/{rel}","templated":true}]}}