{"id":286,"date":"2015-10-10T18:00:06","date_gmt":"2015-10-10T18:00:06","guid":{"rendered":"http:\/\/lunarentacar.hr\/fr\/info\/"},"modified":"2015-12-17T20:00:49","modified_gmt":"2015-12-17T19:00:49","slug":"info","status":"publish","type":"page","link":"http:\/\/lunarentacar.hr\/fr\/info\/","title":{"rendered":"Info"},"content":{"rendered":"<h3><\/h3>\n<p>&nbsp;<\/p>\n<h3><span>Conditions de location<\/span><\/h3>\n<p>Avant de louer un v\u00e9hicule, les conditions suivantes doivent \u00eatre remplies:<\/p>\n<p>&nbsp;<\/p>\n<p>1. <strong>AGE DU CHAUFFEUR<\/strong><\/p>\n<p>Le chauffeur doit avoir au moins 21 ans et une exp\u00e9rience en tant que chauffeur d\u2019au moins 2 ans.<\/p>\n<p>&nbsp;<\/p>\n<p>2. <strong>DOCUMENTS<\/strong><\/p>\n<p>Le chauffeur doit avoir le permis de conduire valide et la carte d\u2019identit\u00e9 ou passeport valides, et une carte de cr\u00e9dit (Amex, Diners, Mastercard, Visa). Pour les citoyens \u00e9trangers \u2013 il suffit d\u2019avoir le permis de conduire national.<\/p>\n<p>&nbsp;<\/p>\n<p>3. <strong>GARANTIE<\/strong><\/p>\n<p>La garantie s\u2019effectue par une pr\u00e9-autorisation de la carte de cr\u00e9dit (le montant d\u00e9pend de la dur\u00e9e de location, du groupe de v\u00e9hicule, des assurances, des pays de passage etc). Le paiement sera effectu\u00e9 lors de la restitution de v\u00e9hicule.<\/p>\n<p>&nbsp;<\/p>\n<p>4. <strong>CONTRAT DE LOCATION<\/strong><\/p>\n<p>Le contrat de location sera sign\u00e9 \u00e0 la fin de la proc\u00e9dure de location.<\/p>\n<p>&nbsp;<\/p>\n<p>5. <strong>BUT DE LOCATION<\/strong><\/p>\n<p>Nous nous r\u00e9servons le droit, en cas de doute que le v\u00e9hicule lou\u00e9 sera utilis\u00e9 pour les actions qui ne sont pas conformes \u00e0 la loi, de refuser la location.<\/p>\n<p>&nbsp;<\/p>\n<p>&nbsp;<\/p>\n<h3><span>Informations g\u00e9n\u00e9rales<\/span><\/h3>\n<p>1. <strong>DUREE DE LOCATION<\/strong><\/p>\n<p>La location peux durer moins de 24 heures, mais le montant minimum correspond \u00e0 1 journ\u00e9e (24h). Le retard maximal de restitution du v\u00e9hicule est de 3 heures. Au bout de 3 heures, vous devrez payer un jour suppl\u00e9mentaire.<\/p>\n<p>&nbsp;<\/p>\n<p>2. <strong>PAIEMENT<\/strong><\/p>\n<p>Il est possible d\u2019effectuer le paiement en liquide, par cartes de cr\u00e9dit (Amex, Visa, Mastercard, Diners), par cartes bancaires (Maestro, Visa electron) et virement bancaire.<\/p>\n<p>&nbsp;<\/p>\n<p>3. <strong>ASSURANCE DE VEHICULE<\/strong><\/p>\n<p>CDW (Collision Damage Waiver) &#8211; Assurance avec franchise, contribution en cas de dommages<br \/>\nTP (Theft Protection) &#8211; Assurance vol<br \/>\nPAI (Personal Accident Insurance) \u2013 &lsquo;Assurance de voyage&rsquo;<br \/>\nSUPER CDW (Super Collision Damage Waiver) &#8211; Assurance avec franchise, contribution en cas de dommages<\/p>\n<p>Tous les v\u00e9hicules sont assur\u00e9s contre la responsabilit\u00e9 d\u2019un tiers. Les dommages provoqu\u00e9s par notre v\u00e9hicule sont couverts par l\u2019assurance pour un montant pr\u00e9vu par la loi, sous conditions que le preneur ait respect\u00e9 les Conditions g\u00e9n\u00e9rales du Contrat de location. Le super CDW n\u2019est pas obligatoire. Au cas o\u00f9 le preneur n\u2019ach\u00e8te pas une franchise (super CDW), en cas de dommages, le preneur doit payer la r\u00e9paration d\u00e9pendamment de type de v\u00e9hicule (minimum 984,00 KN et maximum 7.380 KN). Tout dommage doit \u00eatre d\u00e9clar\u00e9 \u00e0 la police. Au cas o\u00f9 le dommage n\u2019a pas \u00e9t\u00e9 d\u00e9clar\u00e9 \u00e0 la police, l\u2019assurance n\u2019est pas valide. Aucunes assurance ne couvre pas les dommages sur les roues (pneus, jantes), sur la partie basse et la partie int\u00e9rieure du v\u00e9hicule.<\/p>\n<p>&nbsp;<\/p>\n<p>4. <strong>PRIX<\/strong><\/p>\n<p>Le prix de base de location couvre le location a la journee, killometrages illimites, CDW, TP, PAL, et TVA. Le super CDW n est pas compris.<\/p>\n<p>&nbsp;<\/p>\n<p>5. <strong>ESSENCE<\/strong><\/p>\n<p>La r\u00e8gle est: le v\u00e9hicule est pris en charge avec le r\u00e9servoir plein (8\/8) et doit \u00eatre rendu dans le m\u00eame \u00e9tat. Si ce n\u2019est pas le cas, le preneur doit payer la diff\u00e9rence d\u2019essence et le prix de remplissage d\u2019essence de 100,00 KN.<\/p>\n<p>&nbsp;<\/p>\n<p>6. <strong>SUPPLEMENTS EVENTUELS<\/strong><\/p>\n<p>Perte des cl\u00e9s du v\u00e9hicule: 1.700,00 KN<br \/>\nPerte des documents du v\u00e9hicule: 1.800,00 KN<br \/>\nRemplissage avec la mauvaise essence: \u00e0 partir de 1.800,00 KN, d\u00e9pendamment du type de v\u00e9hicule et l&rsquo;endroit du v\u00e9hicule.<\/p>\n","protected":false},"excerpt":{"rendered":"<p>&nbsp; Conditions de location Avant de louer un v\u00e9hicule, les conditions suivantes doivent \u00eatre remplies: &nbsp; 1. AGE DU CHAUFFEUR Le chauffeur doit avoir au moins 21 ans et une exp\u00e9rience en tant que chauffeur d\u2019au moins 2 ans. &nbsp; 2. DOCUMENTS Le chauffeur doit avoir le permis de conduire valide et la carte d\u2019identit\u00e9 [&hellip;]<\/p>\n","protected":false},"author":1,"featured_media":0,"parent":0,"menu_order":0,"comment_status":"closed","ping_status":"closed","template":"","meta":{"_acf_changed":false,"footnotes":""},"class_list":["post-286","page","type-page","status-publish","hentry"],"acf":[],"aioseo_notices":[],"_links":{"self":[{"href":"http:\/\/lunarentacar.hr\/fr\/wp-json\/wp\/v2\/pages\/286","targetHints":{"allow":["GET"]}}],"collection":[{"href":"http:\/\/lunarentacar.hr\/fr\/wp-json\/wp\/v2\/pages"}],"about":[{"href":"http:\/\/lunarentacar.hr\/fr\/wp-json\/wp\/v2\/types\/page"}],"author":[{"embeddable":true,"href":"http:\/\/lunarentacar.hr\/fr\/wp-json\/wp\/v2\/users\/1"}],"replies":[{"embeddable":true,"href":"http:\/\/lunarentacar.hr\/fr\/wp-json\/wp\/v2\/comments?post=286"}],"version-history":[{"count":4,"href":"http:\/\/lunarentacar.hr\/fr\/wp-json\/wp\/v2\/pages\/286\/revisions"}],"predecessor-version":[{"id":365,"href":"http:\/\/lunarentacar.hr\/fr\/wp-json\/wp\/v2\/pages\/286\/revisions\/365"}],"wp:attachment":[{"href":"http:\/\/lunarentacar.hr\/fr\/wp-json\/wp\/v2\/media?parent=286"}],"curies":[{"name":"wp","href":"https:\/\/api.w.org\/{rel}","templated":true}]}}