{"id":287,"date":"2015-10-10T18:00:06","date_gmt":"2015-10-10T18:00:06","guid":{"rendered":"http:\/\/lunarentacar.hr\/de\/info\/"},"modified":"2015-12-17T20:00:34","modified_gmt":"2015-12-17T19:00:34","slug":"info","status":"publish","type":"page","link":"http:\/\/lunarentacar.hr\/de\/info\/","title":{"rendered":"Info"},"content":{"rendered":"<h3><\/h3>\n<p>&nbsp;<\/p>\n<h3><span>Bedingungen<\/span><\/h3>\n<p>Bestimmte Bedingungen m\u00fcssen erf\u00fcllt werden, um ein Fahrzeug mieten zu k\u00f6nnen:<\/p>\n<p>&nbsp;<\/p>\n<p>1. <strong>ALTER DES FAHRERS<\/strong><\/p>\n<p>Der Fahrer mu\u00df mindestens 21 Jahre alt sein und eine Fahrpraxis von 2 Jahren haben.<\/p>\n<p>&nbsp;<\/p>\n<p>2. <strong>DOKUMENTE<\/strong><\/p>\n<p>Sie m\u00fcssen einen g\u00fcltigen F\u00fchrerschein, einen Personalausweis, oder einen Reisepass und eine Kreditkarte (Amex, Diners, Mastercard, Visa) vorweisen. Ausl\u00e4ndische B\u00fcrger sind nicht verpflichtet, einen internationalen F\u00fchrerschein zu haben.<\/p>\n<p>&nbsp;<\/p>\n<p>3. <strong>KAUTION<\/strong><\/p>\n<p>Ihre Kreditkarte wird abh\u00e4ngig von der Anzahl der Miettage, der Fahrzeug Klasse, der Versicherung, der Einreise-L\u00e4nder etc. belastet. Die Zahlung erfolgt nach der R\u00fcckkehr des Fahrzeuges.<\/p>\n<p>&nbsp;<\/p>\n<p>4. <strong>MIETVERTRAG<\/strong><\/p>\n<p>Nach Abschluss des Vertrages m\u00fcssen beide Parteien den Mietvertrag unterzeichnen.<\/p>\n<p>&nbsp;<\/p>\n<p>5. <strong>ZWECK DER ANMIETUNG<\/strong><\/p>\n<p>In Ausnahmef\u00e4llen, wie z. B. bei Verdacht, unser Fahrzeug f\u00fcr rechtswidrige Handlungen zu verwenden, behalten wir uns das Recht vor, einen Kunden abzulehnen.<\/p>\n<p>&nbsp;<\/p>\n<p>&nbsp;<\/p>\n<h3><span>Allgemeine Infos<\/span><\/h3>\n<p>1. <strong>MINDESTMIETDAUER<\/strong><\/p>\n<p>Die Mietdauer betr\u00e4gt mindestens 1 Tag (24 Stunden). Eine tolerierbare Verz\u00f6gerung betr\u00e4gt 3 Stunden, nach denen ein zus\u00e4tzlicher Tag berechnet werden kann.<\/p>\n<p>&nbsp;<\/p>\n<p>2. <strong>ZAHLUNG<\/strong><\/p>\n<p>Die Zahlung kann in bar, per Kreditkarte (Amex, Visa, MasterCard, Diners), Bankkarten (Maestro, Visa electron) oder per \u00dcberweisung erfolgen.<\/p>\n<p>&nbsp;<\/p>\n<p>3. <strong>FAHRZEUGVERSICHERUNG<\/strong><\/p>\n<p>CDW (Collision Damage Waiver) &#8211; basis Versicherung, Kaskoversicherung mit Selbstbeteidigung an Sch\u00e4den<br \/>\nTP (Theft Protection) &#8211; Diebstahlversicherung<br \/>\nPAI (Personal Accident Insurance) &#8211; Insassenversicherung<br \/>\nSUPER CDW (Super Collision Damage Waiver) &#8211; Vollkasko, keine Selbstbeteidigung an Sch\u00e4den<\/p>\n<p>Alle Fahrzeuge sind gegen die Verantwortung f\u00fcr Sch\u00e4den an Drittpersonen versichert. Sch\u00e4den, die durch unser Fahrzeug entstehen, werden von der Versicherungsgesellschaft in H\u00f6he des gesetzlich festgelegten Betrages gedeckt &#8211; unter der Bedingung, dass der Mieter die allgemeinen Bedingungen aus dem Mietvertrag befolgte. SUPER CDW ist nicht zwingend notwendig, wenn der Mieter nicht eine zus\u00e4tzliche Versicherung (SUPER CDW) beansprucht. Im Falle eines Schadens zahlt er die Reparatur in H\u00f6he des Mindestbetrages von 984,00 KN, maximal 7,380 KN &#8211; abh\u00e4ngig von der Fahrzeuggruppe. Jeder neue Schaden muss der POLIZEI gemeldet werden, da sonst die Versicherung nicht g\u00fcltig ist. Die Versicherung deckt nicht R\u00e4der (Reifen, Felgen, Radkappen), Unterbau- und Interieursch\u00e4den ab.<\/p>\n<p>&nbsp;<\/p>\n<p>4. <strong>PREIS<\/strong><\/p>\n<p>Grundlegender Mietpreis beinhaltet die t\u00e4gliche Miete, unbegrenzte Kilometerzahl, CDW, TP, PAI und Steuern. SUPER CDW ist nicht inbegriffen.<\/p>\n<p>&nbsp;<\/p>\n<p>5. <strong>BENZIN<\/strong><\/p>\n<p>Alle Mietwagen sind mit einem vollen Tank (8\/8) vorgesehen und sollten voll betankt zur\u00fcckkehren, sonst fallen Benzin und Betankungkosten (100,00 KN) zulasten des Kunden.<\/p>\n<p>&nbsp;<\/p>\n<p>6. <strong>OPTIONS \/ ZUZAHLUNG (inkl. MwSt.)<\/strong><\/p>\n<p>Verlorene Autoschl\u00fcssel: 1.700,00 KN<br \/>\nVerlorene Fahrzeugpapiere: 1.800,00 KN<br \/>\nTanken falschen Kraftstoffes: 1.800,00 KN und mehr, je nach Fahrzeug und wo es sich befindet.<\/p>\n","protected":false},"excerpt":{"rendered":"<p>&nbsp; Bedingungen Bestimmte Bedingungen m\u00fcssen erf\u00fcllt werden, um ein Fahrzeug mieten zu k\u00f6nnen: &nbsp; 1. ALTER DES FAHRERS Der Fahrer mu\u00df mindestens 21 Jahre alt sein und eine Fahrpraxis von 2 Jahren haben. &nbsp; 2. DOKUMENTE Sie m\u00fcssen einen g\u00fcltigen F\u00fchrerschein, einen Personalausweis, oder einen Reisepass und eine Kreditkarte (Amex, Diners, Mastercard, Visa) vorweisen. Ausl\u00e4ndische [&hellip;]<\/p>\n","protected":false},"author":1,"featured_media":0,"parent":0,"menu_order":0,"comment_status":"closed","ping_status":"closed","template":"","meta":{"_acf_changed":false,"footnotes":""},"class_list":["post-287","page","type-page","status-publish","hentry"],"acf":[],"aioseo_notices":[],"_links":{"self":[{"href":"http:\/\/lunarentacar.hr\/de\/wp-json\/wp\/v2\/pages\/287","targetHints":{"allow":["GET"]}}],"collection":[{"href":"http:\/\/lunarentacar.hr\/de\/wp-json\/wp\/v2\/pages"}],"about":[{"href":"http:\/\/lunarentacar.hr\/de\/wp-json\/wp\/v2\/types\/page"}],"author":[{"embeddable":true,"href":"http:\/\/lunarentacar.hr\/de\/wp-json\/wp\/v2\/users\/1"}],"replies":[{"embeddable":true,"href":"http:\/\/lunarentacar.hr\/de\/wp-json\/wp\/v2\/comments?post=287"}],"version-history":[{"count":3,"href":"http:\/\/lunarentacar.hr\/de\/wp-json\/wp\/v2\/pages\/287\/revisions"}],"predecessor-version":[{"id":364,"href":"http:\/\/lunarentacar.hr\/de\/wp-json\/wp\/v2\/pages\/287\/revisions\/364"}],"wp:attachment":[{"href":"http:\/\/lunarentacar.hr\/de\/wp-json\/wp\/v2\/media?parent=287"}],"curies":[{"name":"wp","href":"https:\/\/api.w.org\/{rel}","templated":true}]}}